{"id":102,"date":"2024-11-15T09:02:03","date_gmt":"2024-11-15T08:02:03","guid":{"rendered":"https:\/\/www.indzcoursier.fr\/?page_id=102"},"modified":"2024-11-20T17:44:26","modified_gmt":"2024-11-20T16:44:26","slug":"services","status":"publish","type":"page","link":"https:\/\/www.indzcoursier.fr\/index.php\/services\/","title":{"rendered":"Services"},"content":{"rendered":"\n<div class=\"wp-block-cover alignfull has-parallax\" style=\"min-height:626px;aspect-ratio:unset;\"><span aria-hidden=\"true\" class=\"wp-block-cover__background has-background-dim\"><\/span><div role=\"img\" aria-label=\"INDZ Coursier v\u00e9lo Marseille\" class=\"wp-block-cover__image-background wp-image-46 has-parallax\" style=\"background-position:50% 50%;background-image:url(https:\/\/www.indzcoursier.fr\/wp-content\/uploads\/2024\/11\/7-1024x768.jpg)\"><\/div><div class=\"wp-block-cover__inner-container is-layout-flow wp-block-cover-is-layout-flow\">\n<p class=\"has-text-align-center has-large-font-size\" style=\"margin-top:0;margin-bottom:0\">Implant\u00e9e \u00e0 Marseille depuis 2013 et sp\u00e9cialis\u00e9e dans la livraisons de courriers juridiques et administratifs, l&rsquo;entreprise INDZ coursier vous propose une solution de livraison rapide, \u00e9conomique et respectueuse de la ville et de l&rsquo;environnement.<\/p>\n<\/div><\/div>\n\n\n\n<p><\/p>\n\n\n\n<p><\/p>\n\n\n\n<p class=\"has-text-align-center has-foreground-color has-text-color has-background has-link-color wp-elements-c1919d138464221f2f3e7609738a6df8\" style=\"background-color:#ebebdb\">La simplicit\u00e9 est une de mes priorit\u00e9s. <br>Un num\u00e9ro de t\u00e9l\u00e9phone, un coursier, pas d&rsquo;interm\u00e9diaire. <br>Le plis ou le colis une fois dans le sac \u00e0 dos n&rsquo;en ressort qu&rsquo;une fois chez le destinataire.<\/p>\n\n\n\n<p class=\"has-text-align-center has-medium-font-size\">Deux d\u00e9lais de livraison en fonction de vos besoin :<\/p>\n\n\n\n<div class=\"wp-block-columns is-layout-flex wp-container-core-columns-is-layout-28f84493 wp-block-columns-is-layout-flex\">\n<div class=\"wp-block-column is-layout-flow wp-block-column-is-layout-flow\">\n<p class=\"has-text-align-center has-background\" style=\"background-color:#d7e0d7\"><strong>STANDARD<\/strong><\/p>\n<\/div>\n\n\n\n<div class=\"wp-block-column is-layout-flow wp-block-column-is-layout-flow\">\n<p class=\"has-text-align-center has-background has-medium-font-size\" style=\"background-color:#fae7b2\"><strong>EXPRESS<\/strong><\/p>\n<\/div>\n<\/div>\n\n\n\n<p class=\"has-text-align-center has-medium-font-size\"><em>Plus d&rsquo;information <a href=\"https:\/\/www.indzcoursier.fr\/index.php\/tarifs\/\" data-type=\"page\" data-id=\"12\">ici<\/a>.<\/em><\/p>\n\n\n\n<p class=\"has-text-align-center has-large-font-size\"><br>Apr\u00e8s plus de dix ans d\u2019exp\u00e9rience \u00e0 r\u00e9aliser toute sortes de livraisons \u00e0 Marseille, la listes de mes prestations quotidienne inclut&nbsp;:<\/p>\n\n\n\n<figure class=\"wp-block-image alignfull size-large\"><img loading=\"lazy\" decoding=\"async\" width=\"962\" height=\"1024\" src=\"https:\/\/www.indzcoursier.fr\/wp-content\/uploads\/2024\/11\/Document-Comparatif-Services-Formules-et-Tarifs-Professionnel-Beige-Blanc-Noir-1024-x-1090-px-1-962x1024.png\" alt=\"\" class=\"wp-image-129\" srcset=\"https:\/\/www.indzcoursier.fr\/wp-content\/uploads\/2024\/11\/Document-Comparatif-Services-Formules-et-Tarifs-Professionnel-Beige-Blanc-Noir-1024-x-1090-px-1-962x1024.png 962w, https:\/\/www.indzcoursier.fr\/wp-content\/uploads\/2024\/11\/Document-Comparatif-Services-Formules-et-Tarifs-Professionnel-Beige-Blanc-Noir-1024-x-1090-px-1-282x300.png 282w, https:\/\/www.indzcoursier.fr\/wp-content\/uploads\/2024\/11\/Document-Comparatif-Services-Formules-et-Tarifs-Professionnel-Beige-Blanc-Noir-1024-x-1090-px-1-768x817.png 768w, https:\/\/www.indzcoursier.fr\/wp-content\/uploads\/2024\/11\/Document-Comparatif-Services-Formules-et-Tarifs-Professionnel-Beige-Blanc-Noir-1024-x-1090-px-1-1443x1536.png 1443w, https:\/\/www.indzcoursier.fr\/wp-content\/uploads\/2024\/11\/Document-Comparatif-Services-Formules-et-Tarifs-Professionnel-Beige-Blanc-Noir-1024-x-1090-px-1-1924x2048.png 1924w\" sizes=\"auto, (max-width: 962px) 100vw, 962px\" \/><\/figure>\n\n\n\n<p><\/p>\n","protected":false},"excerpt":{"rendered":"<p>La simplicit\u00e9 est une de mes priorit\u00e9s. Un num\u00e9ro de t\u00e9l\u00e9phone, un coursier, pas d&rsquo;interm\u00e9diaire. Le plis ou le colis une fois dans le sac \u00e0 dos n&rsquo;en ressort qu&rsquo;une fois chez le destinataire. Deux d\u00e9lais de livraison en fonction de vos besoin : STANDARD EXPRESS Plus d&rsquo;information ici. Apr\u00e8s plus de dix ans d\u2019exp\u00e9rience [&hellip;]<\/p>\n","protected":false},"author":1,"featured_media":0,"parent":0,"menu_order":0,"comment_status":"closed","ping_status":"closed","template":"","meta":{"footnotes":""},"class_list":["post-102","page","type-page","status-publish","hentry"],"_links":{"self":[{"href":"https:\/\/www.indzcoursier.fr\/index.php\/wp-json\/wp\/v2\/pages\/102","targetHints":{"allow":["GET"]}}],"collection":[{"href":"https:\/\/www.indzcoursier.fr\/index.php\/wp-json\/wp\/v2\/pages"}],"about":[{"href":"https:\/\/www.indzcoursier.fr\/index.php\/wp-json\/wp\/v2\/types\/page"}],"author":[{"embeddable":true,"href":"https:\/\/www.indzcoursier.fr\/index.php\/wp-json\/wp\/v2\/users\/1"}],"replies":[{"embeddable":true,"href":"https:\/\/www.indzcoursier.fr\/index.php\/wp-json\/wp\/v2\/comments?post=102"}],"version-history":[{"count":21,"href":"https:\/\/www.indzcoursier.fr\/index.php\/wp-json\/wp\/v2\/pages\/102\/revisions"}],"predecessor-version":[{"id":151,"href":"https:\/\/www.indzcoursier.fr\/index.php\/wp-json\/wp\/v2\/pages\/102\/revisions\/151"}],"wp:attachment":[{"href":"https:\/\/www.indzcoursier.fr\/index.php\/wp-json\/wp\/v2\/media?parent=102"}],"curies":[{"name":"wp","href":"https:\/\/api.w.org\/{rel}","templated":true}]}}